{"id":1282,"date":"2017-05-30T10:37:35","date_gmt":"2017-05-30T08:37:35","guid":{"rendered":"http:\/\/gewerbeverein-neustadt.de\/gvn\/?page_id=1282"},"modified":"2026-04-13T12:01:41","modified_gmt":"2026-04-13T10:01:41","slug":"pressedownloads","status":"publish","type":"page","link":"https:\/\/gewerbeverein-neustadt.de\/gvn\/pressedownloads\/","title":{"rendered":"Presse\/Downloads"},"content":{"rendered":"\n<p><br><br><\/p>\n\n\n\n<h3><\/h3>\n<h3><a href=\"https:\/\/gewerbeverein-neustadt.de\/gvn\/wp-content\/uploads\/2026\/04\/Pressemitteilung-Stadtmarketing_Arbeitskreis-NeustadtCARD-ruft-zum-Tausch-Endspurt-auf.pdf\" target=\"_blank\" rel=\"noopener noreferrer\">Jetzt umsteigen: Frist f\u00fcr den Umtausch zur digitalen NeustadtCARD endet am 30. Juni\n  <br>\n<\/a><a href=\"https:\/\/gewerbeverein-neustadt.de\/gvn\/wp-content\/uploads\/2026\/04\/Pressemitteilung-Stadtmarketing_Arbeitskreis-NeustadtCARD-ruft-zum-Tausch-Endspurt-auf.pdf\">Download<\/a><\/h3>\n<h3><a href=\"https:\/\/gewerbeverein-neustadt.de\/gvn\/wp-content\/uploads\/2026\/04\/digitale-NeustadtCard-_Quelle-Stadtmarketing-scaled.jpg\" target=\"_blank\" rel=\"noopener noreferrer\"><img decoding=\"async\" src=\"https:\/\/gewerbeverein-neustadt.de\/gvn\/wp-content\/uploads\/2026\/04\/digitale-NeustadtCard-_Quelle-Stadtmarketing-scaled.jpg\" width=\"300\"><\/a><\/a><\/h3><br>\n<hr>\n<h3><\/h3>\n<h3><a href=\"https:\/\/gewerbeverein-neustadt.de\/gvn\/wp-content\/uploads\/2026\/03\/Pressemitteilung-Stadtmarketing_-neunte-Neustaedter-Wirtschafts-Lounge.pdf\" target=\"_blank\" rel=\"noopener noreferrer\">9. Neust\u00e4dter Wirtschafts-Lounge\n    <br>\n<\/a><a href=\"https:\/\/gewerbeverein-neustadt.de\/gvn\/wp-content\/uploads\/2026\/03\/Pressemitteilung-Stadtmarketing_-neunte-Neustaedter-Wirtschafts-Lounge.pdf\">Download<\/a><\/h3>\n<h3><a href=\"https:\/\/gewerbeverein-neustadt.de\/gvn\/wp-content\/uploads\/2026\/01\/Pressemitteilung-Stadtmarketing_-Hospitalgeschichten-und-Musik.pdf\" target=\"_blank\" rel=\"noopener noreferrer\"><img decoding=\"async\" src=\"https:\/\/gewerbeverein-neustadt.de\/gvn\/wp-content\/uploads\/2026\/03\/Bildschirmfoto-2026-03-17-um-11.01.56.png\" width=\"300\"><\/a><img decoding=\"async\" src=\"https:\/\/gewerbeverein-neustadt.de\/gvn\/wp-content\/uploads\/2026\/03\/Roell-Josef_Quelle-IHK-Ulm-scaled.jpg\" width=\"300\"><\/a><\/h3><br>\n<hr>\n<h3><\/h3>\n<h3><a href=\"https:\/\/gewerbeverein-neustadt.de\/gvn\/wp-content\/uploads\/2026\/01\/Pressemitteilung-Stadtmarketing_-Hospitalgeschichten-und-Musik.pdf\" target=\"_blank\" rel=\"noopener noreferrer\">B\u00fcrgerstiftung Region Neustadt in Holstein l\u00e4dt zu neuem Veranstaltungsformat \u201eHospitalgeschichten\n&#038; Musik\u201c in die Hospitalkirche ein\n    <br>\n<\/a><a href=\"https:\/\/gewerbeverein-neustadt.de\/gvn\/wp-content\/uploads\/2026\/01\/Plakat-Hospitalgeschichten-und-Musik_final.pdf\">Flyer download<\/a><\/h3>\n<h3><a href=\"https:\/\/gewerbeverein-neustadt.de\/gvn\/wp-content\/uploads\/2026\/01\/Pressemitteilung-Stadtmarketing_-Hospitalgeschichten-und-Musik.pdf\" target=\"_blank\" rel=\"noopener noreferrer\"><img decoding=\"async\" src=\"https:\/\/gewerbeverein-neustadt.de\/gvn\/wp-content\/uploads\/2026\/01\/hospitalgeschichte.jpg\" width=\"300\"><\/a><\/h3><br>\n<hr>\n<h3><\/h3>\n<h3><a href=\"https:\/\/gewerbeverein-neustadt.de\/gvn\/wp-content\/uploads\/2025\/12\/Pressemitteilung-Dezember-2025_Shopping-Bus-des-Stadtmarketings.pdf\" target=\"_blank\" rel=\"noopener noreferrer\">Kostenloser Bus-Shuttle des Stadtmarketings \n    <br>\n<\/a><a href=\"https:\/\/gewerbeverein-neustadt.de\/gvn\/wp-content\/uploads\/2025\/12\/Busshuttle-im-Advent-Plakat.pdf\" target=\"_blank\" rel=\"noopener noreferrer\">Flyer download<\/a><\/h3>\n<h3><a href=\"https:\/\/gewerbeverein-neustadt.de\/gvn\/wp-content\/uploads\/2025\/12\/Pressemitteilung-Dezember-2025_Shopping-Bus-des-Stadtmarketings.pdf\" target=\"_blank\" rel=\"noopener noreferrer\"><img decoding=\"async\" src=\"https:\/\/gewerbeverein-neustadt.de\/gvn\/wp-content\/uploads\/2025\/12\/Busshuttle_Quelle-Stadtmarketing-scaled.jpg\" alt=\"\" class=\"alignleft wp-image-3228 \" width=\"300\"><\/a><\/h3><br>\n<hr>\n<h3><\/h3>\n<h3><a href=\"https:\/\/gewerbeverein-neustadt.de\/gvn\/wp-content\/uploads\/2025\/11\/Pressemitteilung-November_Schmueck-mich-Baeume-fuer-die-Innenstadt-und-den-Hafen.docx\" target=\"_blank\" rel=\"noopener noreferrer\">Tannenb\u00e4ume f\u00fcr die Innenstadt und den Hafen\n    <br>\n<\/a><a href=\"https:\/\/gewerbeverein-neustadt.de\/gvn\/wp-content\/uploads\/2025\/11\/RiesenAdvKal_2025_Flyer_6seitig_final.pdf\" target=\"_blank\" rel=\"noopener noreferrer\">Flyer download<\/a><\/h3>\n<h3><a href=\"https:\/\/gewerbeverein-neustadt.de\/gvn\/wp-content\/uploads\/2025\/11\/Pressemitteilung-November_Schmueck-mich-Baeume-fuer-die-Innenstadt-und-den-Hafen.docx\" target=\"_blank\" rel=\"noopener noreferrer\"><img decoding=\"async\" src=\"https:\/\/gewerbeverein-neustadt.de\/gvn\/wp-content\/uploads\/2025\/11\/Schmueck-mich-Baum-Aktion-scaled.jpg\" alt=\"\" class=\"alignleft wp-image-3228 \" width=\"300\"><\/a><\/h3><br>\n<hr>\n<h3><\/h3>\n<h3><a href=\"https:\/\/gewerbeverein-neustadt.de\/gvn\/wp-content\/uploads\/2025\/11\/Pressemitteilung-Riesen-Adventskalender-2025.pdf\" target=\"_blank\" rel=\"noopener noreferrer\">Neustadt in Holstein freut sich auf die 17. Ausgabe des Riesen-Adventskalenders\n    <br>\n<\/a><a href=\"https:\/\/gewerbeverein-neustadt.de\/gvn\/wp-content\/uploads\/2025\/11\/RiesenAdvKal_2025_Flyer_6seitig_final.pdf\" target=\"_blank\" rel=\"noopener noreferrer\">Flyer download<\/a><\/h3>\n<h3><a href=\"https:\/\/gewerbeverein-neustadt.de\/gvn\/wp-content\/uploads\/2025\/11\/Pressemitteilung-Riesen-Adventskalender-2025.pdf\" target=\"_blank\" rel=\"noopener noreferrer\"><img decoding=\"async\" src=\"https:\/\/gewerbeverein-neustadt.de\/gvn\/wp-content\/uploads\/2025\/11\/Riesenadventskalender-CR-Reimo-Schaaf-Fotografie-scaled.jpg\" alt=\"\" class=\"alignleft wp-image-3228 \" width=\"300\"><\/a><\/h3><br>\n<hr>\n<h3><\/h3>\n<h3><a href=\"https:\/\/gewerbeverein-neustadt.de\/gvn\/wp-content\/uploads\/2025\/11\/Weihnachtlicher-Wintertreff_18112025.docx\" target=\"_blank\" rel=\"noopener noreferrer\">Weihnachtlicher Wintertreff<\/a>\n<\/h3>\n<h3><a href=\"https:\/\/gewerbeverein-neustadt.de\/gvn\/wp-content\/uploads\/2025\/11\/Weihnachtlicher-Wintertreff_18112025.docx\" target=\"_blank\" rel=\"noopener noreferrer\"><img decoding=\"async\" src=\"https:\/\/gewerbeverein-neustadt.de\/gvn\/wp-content\/uploads\/2025\/11\/Wintertreff_CR-Balticum-Verlag-scaled.jpg\" alt=\"\" class=\"alignleft wp-image-3228 \" width=\"300\"><\/a><\/h3><br>\n<hr>\n<h3><\/h3>\n<h3><a href=\"https:\/\/gewerbeverein-neustadt.de\/gvn\/wp-content\/uploads\/2025\/09\/Veranstaltungstipp-aus-der-hafenheimat-_-Mit-DM-bezahlen-am-3.-Oktober-1.pdf\" target=\"_blank\" rel=\"noopener noreferrer\">Mit DM bezahlen am 3. Oktober in Neustadt in Holstein und Flohmarkt auf dem Marktplatz<\/a>\n<\/h3>\n<h3><a href=\"https:\/\/gewerbeverein-neustadt.de\/gvn\/wp-content\/uploads\/2025\/09\/Veranstaltungstipp-aus-der-hafenheimat-_-Mit-DM-bezahlen-am-3.-Oktober-1.pdf\" target=\"_blank\" rel=\"noopener noreferrer\"><img decoding=\"async\" src=\"https:\/\/gewerbeverein-neustadt.de\/gvn\/wp-content\/uploads\/2025\/02\/image001.jpg\" alt=\"\" class=\"alignleft wp-image-3228 \" width=\"300\"><\/a><\/h3><br>\n<hr>\n<h3><\/h3>\n<h3><a href=\"https:\/\/gewerbeverein-neustadt.de\/gvn\/wp-content\/uploads\/2025\/07\/Pressemitteilung-Themenwochenmarkt-Die-Beeren-sind-los.pdf\" target=\"_blank\" rel=\"noopener noreferrer\">\u201eDie Beeren sind los\u201c: Sommer auf dem Wochenmark<\/a>\n<\/h3>\n<h3><a href=\"https:\/\/gewerbeverein-neustadt.de\/gvn\/wp-content\/uploads\/2025\/07\/Pressemitteilung-Themenwochenmarkt-Die-Beeren-sind-los.pdf\" target=\"_blank\" rel=\"noopener noreferrer\"><img decoding=\"async\" src=\"https:\/\/gewerbeverein-neustadt.de\/gvn\/wp-content\/uploads\/2025\/07\/Internetbild-Beeren_Quelle-Balticum-Verlag.jpg\" alt=\"\" class=\"alignleft wp-image-3228 \" width=\"300\"><\/a><\/h3><br>\n<hr>\n<h3><\/h3>\n<h3><a href=\"https:\/\/gewerbeverein-neustadt.de\/gvn\/wp-content\/uploads\/2025\/04\/Automeile-in-Neustadt-in-Holstein-am-04.05.25.pdf\" target=\"_blank\" rel=\"noopener noreferrer\"> Automeile am Sonntag, 4. Ma<\/a>\n<\/h3>\n<h3><a href=\"https:\/\/gewerbeverein-neustadt.de\/gvn\/wp-content\/uploads\/2025\/04\/Automeile-in-Neustadt-in-Holstein-am-04.05.25.pdf\" target=\"_blank\" rel=\"noopener noreferrer\"><img decoding=\"async\" src=\"https:\/\/gewerbeverein-neustadt.de\/gvn\/wp-content\/uploads\/2025\/04\/Automeile.jpg\" alt=\"\" class=\"alignleft wp-image-3228 \" width=\"300\"><\/a><\/h3><br>\n<hr>\n<h3><\/h3>\n<h3><a href=\"https:\/\/gewerbeverein-neustadt.de\/gvn\/wp-content\/uploads\/2025\/04\/Pressemitteilung-Stadtmarketing_-7.-Neustaedter-Wirtschafts-Lounge.pdf\" target=\"_blank\" rel=\"noopener noreferrer\"> 7. Neust\u00e4dter Wirtschafts-Lounge<\/a>\n<\/h3>\n<h3><a href=\"https:\/\/gewerbeverein-neustadt.de\/gvn\/wp-content\/uploads\/2025\/04\/Pressemitteilung-Stadtmarketing_-7.-Neustaedter-Wirtschafts-Lounge.pdf\"><img decoding=\"async\" src=\"https:\/\/gewerbeverein-neustadt.de\/gvn\/wp-content\/uploads\/2025\/04\/Bild-auf-die-Altstadt_Quelle-Balticum-Verlag.jpg\" alt=\"\" class=\"alignleft wp-image-3228 \" width=\"300\"><\/a><\/h3><br>\n<hr><h3><\/h3>\n<h3><a href=\"https:\/\/gewerbeverein-neustadt.de\/gvn\/wp-content\/uploads\/2025\/02\/Pressemitteilung-Neu-in-Neustadt-Stadt-Tour.pdf\" target=\"_blank\" rel=\"noopener noreferrer\"> Neue \u201eNeu-in-Neustadt-Touren\u201c 2025<\/a>\n<\/h3>\n<h3><a href=\"https:\/\/gewerbeverein-neustadt.de\/gvn\/wp-content\/uploads\/2025\/02\/Pressemitteilung-Neu-in-Neustadt-Stadt-Tour.pdf\" target=\"_blank\" rel=\"noopener noreferrer\"><img decoding=\"async\" src=\"https:\/\/gewerbeverein-neustadt.de\/gvn\/wp-content\/uploads\/2025\/02\/tour.png\" alt=\"\" class=\"alignleft wp-image-3228 \" width=\"300\"><\/a><\/h3><br>\n<hr><h3><\/h3>\n<h3><a href=\"https:\/\/gewerbeverein-neustadt.de\/gvn\/wp-content\/uploads\/2024\/09\/Pressemitteilung-September_Fortsetzung-folgt-Nachfolge-regeln.pdf\" target=\"_blank\" rel=\"noopener noreferrer\"> \u201eFortsetzung folgt \u2013 Nachfolge regeln\u201c 2024<\/a><\/h3>\n<h3><a href=\"https:\/\/gewerbeverein-neustadt.de\/gvn\/wp-content\/uploads\/2024\/09\/Pressemitteilung-September_Fortsetzung-folgt-Nachfolge-regeln.pdf\" target=\"_blank\" rel=\"noopener noreferrer\"><img decoding=\"async\" src=\"https:\/\/gewerbeverein-neustadt.de\/gvn\/wp-content\/uploads\/2024\/09\/AdobeStock_454297497.jpeg\" alt=\"\" class=\"alignleft wp-image-3228 \" width=\"300\"><\/a><\/h3><br>\n<hr>\n<h3><\/h3>\n<h3><a href=\"https:\/\/gewerbeverein-neustadt.de\/gvn\/wp-content\/uploads\/2024\/09\/Pressemitteilung-Grosses-Kinderfest-zum-Weltkindertag-2024.docx\" target=\"_blank\" rel=\"noopener noreferrer\"> Weltkindertag am Samstag, 21.09.24 in Neustadt in Holstein <\/a><\/h3>\n<h3><a href=\"https:\/\/gewerbeverein-neustadt.de\/gvn\/wp-content\/uploads\/2024\/09\/Pressemitteilung-Grosses-Kinderfest-zum-Weltkindertag-2024.docx\" target=\"_blank\" rel=\"noopener noreferrer\"><img decoding=\"async\" src=\"https:\/\/gewerbeverein-neustadt.de\/gvn\/wp-content\/uploads\/2024\/09\/Weltkindertag_Plakat_A3_2024-1.jpg\" alt=\"\" class=\"alignleft wp-image-3228 \" width=\"300\"><\/a><\/h3><br>\n<hr><h3><\/h3>\n<h3><a href=\"https:\/\/gewerbeverein-neustadt.de\/gvn\/wp-content\/uploads\/2024\/09\/Pressemitteilung-September_Herbstmarkt.pdfr\"> Herbstmarkt am Samstag, 21.09.24 in Neustadt in Holstein <\/a><\/h3>\n<h3><a href=\"https:\/\/gewerbeverein-neustadt.de\/gvn\/wp-content\/uploads\/2024\/09\/Pressemitteilung-September_Herbstmarkt.pdf\"><img decoding=\"async\" src=\"https:\/\/gewerbeverein-neustadt.de\/gvn\/wp-content\/uploads\/2024\/09\/Herbstmark_2024.jpg\" alt=\"\" class=\"alignleft wp-image-3228 \" width=\"300\"><\/a><\/h3><br>\n<hr>\n<h3><\/h3>\n<h3><a href=\"https:\/\/gewerbeverein-neustadt.de\/gvn\/wp-content\/uploads\/2024\/02\/5-Wirtschafts-Lounge-2024.pdf\" target=\"_blank\" rel=\"noopener noreferrer\">5. Wirtschafts-Lounge in Neustadt in Holstein 2024<\/a><\/h3>\n<h3><a href=\"https:\/\/gewerbeverein-neustadt.de\/gvn\/wp-content\/uploads\/2024\/02\/5-Wirtschafts-Lounge-2024.pdf\" target=\"_blank\" rel=\"noopener noreferrer\"><img decoding=\"async\" src=\"https:\/\/gewerbeverein-neustadt.de\/gvn\/wp-content\/uploads\/2024\/02\/5-Wirtschafts-Lounge-2024.jpg\n\" alt=\"\" class=\"alignleft wp-image-3228 \" width=\"300\"><\/a><\/h3><br>\n<hr>\n<h3><\/h3>\n<h3><a href=\"https:\/\/gewerbeverein-neustadt.de\/gvn\/wp-content\/uploads\/2023\/11\/Weihnachtlicher-Wintertreff_Pressemitteilung-aus-der-hafenheimat-November-2023.pdf\" target=\"_blank\" rel=\"noopener noreferrer\">\u201eWintersch\u00f6ne hafenheimat\u201c leuchtet ab dem 1. November 2023<\/a><\/h3>\n<h3><a href=\"https:\/\/gewerbeverein-neustadt.de\/gvn\/wp-content\/uploads\/2023\/11\/Weihnachtlicher-Wintertreff_Pressemitteilung-aus-der-hafenheimat-November-2023.pdf\" target=\"_blank\" rel=\"noopener noreferrer\"><img decoding=\"async\" src=\"https:\/\/gewerbeverein-neustadt.de\/gvn\/wp-content\/uploads\/2023\/11\/Gewerbeverein-freut-sich-auf-Neustaedter-Wintertreff_CR-Stadtmarketing-scaled.jpg\" alt=\"\" class=\"alignleft wp-image-3228 \" width=\"300\"><\/a><\/h3><br>\n<hr>\n<h3><\/h3>\n<h3><a href=\"https:\/\/gewerbeverein-neustadt.de\/gvn\/wp-content\/uploads\/2023\/11\/Pressemitteilung-Winterbeleuchtung-wird-eingeschaltet.pdf\" target=\"_blank\" rel=\"noopener noreferrer\">\u201eWintersch\u00f6ne hafenheimat\u201c leuchtet ab dem 1. November 2023<\/a><\/h3>\n<h3><a href=\"https:\/\/gewerbeverein-neustadt.de\/gvn\/wp-content\/uploads\/2023\/11\/Pressemitteilung-Winterbeleuchtung-wird-eingeschaltet.pdf\" target=\"_blank\" rel=\"noopener noreferrer\"><img decoding=\"async\" src=\"https:\/\/gewerbeverein-neustadt.de\/gvn\/wp-content\/uploads\/2023\/11\/hafenheimat-Winterbeleuchtung_Quelle-und-CR-Balticum-Verlag-scaled.jpeg\" alt=\"\" class=\"alignleft wp-image-3228 \" width=\"300\"><\/a><\/h3><br>\n<hr>\n<h3><\/h3>\n<h3><a href=\"https:\/\/gewerbeverein-neustadt.de\/gvn\/wp-content\/uploads\/2023\/10\/Pressemitteilung-Stadtmarketing-veranstaltet-4.-Wirtschafts-Lounge.pdf\" target=\"_blank\" rel=\"noopener noreferrer\">Wirtschafts-Lounge &#8211; Klimaschutz &amp; Nachhaltigkeit 2023<\/a><\/h3>\n<h3><a href=\"https:\/\/gewerbeverein-neustadt.de\/gvn\/wp-content\/uploads\/2023\/10\/Pressemitteilung-Stadtmarketing-veranstaltet-4.-Wirtschafts-Lounge.pdf\" target=\"_blank\" rel=\"noopener noreferrer\"><img decoding=\"async\" src=\"https:\/\/gewerbeverein-neustadt.de\/gvn\/wp-content\/uploads\/2023\/10\/ZVO_NewsLetter.jpg\" alt=\"\" class=\"alignleft wp-image-3228 \" width=\"300\"><\/a><\/h3>\n<h3> <\/h3>\n\n<hr><h3><\/h3><h3><a href=\"https:\/\/gewerbeverein-neustadt.de\/gvn\/wp-content\/uploads\/2023\/09\/Weltkindertag.pdf\" target=\"_blank\" rel=\"noopener noreferrer\">Veranstaltungstipp Weltkindertag am Samstag, 23.09.23. in Neustadt in Holstein\n<\/a><\/h3>\n<h3><a href=\"https:\/\/gewerbeverein-neustadt.de\/gvn\/wp-content\/uploads\/2023\/09\/Weltkindertag.pdf\" target=\"_blank\" rel=\"noopener noreferrer\"><img decoding=\"async\" src=\"https:\/\/gewerbeverein-neustadt.de\/gvn\/wp-content\/uploads\/2023\/09\/Bildschirmfoto-2023-09-14-um-09.10.16.png\" alt=\"\" class=\"alignleft wp-image-3228 \" width=\"300\"><\/a><\/h3>\n<h3> <\/h3>\n\n<hr><h3><\/h3><h3><a href=\"https:\/\/gewerbeverein-neustadt.de\/gvn\/wp-content\/uploads\/2023\/09\/Herbstmarkt.pdf\" target=\"_blank\" rel=\"noopener noreferrer\">Veranstaltungstipp Herbstmarkt in Neustadt in Holstein 2023<\/a><\/h3>\n<h3><a href=\"https:\/\/gewerbeverein-neustadt.de\/gvn\/wp-content\/uploads\/2023\/09\/Herbstmarkt.pdf\" target=\"_blank\" rel=\"noopener noreferrer\"><img decoding=\"async\" src=\"https:\/\/gewerbeverein-neustadt.de\/gvn\/wp-content\/uploads\/2023\/09\/Bildschirmfoto-2023-09-14-um-09.11.28.png\" alt=\"\" class=\"alignleft wp-image-3228 \" width=\"300\"><\/a><\/h3>\n<h3> <\/h3>\n\n<hr><h3><\/h3><h3><a href=\"https:\/\/gewerbeverein-neustadt.de\/gvn\/wp-content\/uploads\/2023\/09\/MitDMbezahlen.pdf\" target=\"_blank\" rel=\"noopener noreferrer\">Mit DM bezahlen am 3. Oktober in Neustadt in Holstein und Flohmarkt auf dem Marktplatz 2023<\/a><\/h3>\n<h3><a href=\"https:\/\/gewerbeverein-neustadt.de\/gvn\/wp-content\/uploads\/2023\/09\/MitDMbezahlen.pdf\" target=\"_blank\" rel=\"noopener noreferrer\"><img decoding=\"async\" src=\"https:\/\/gewerbeverein-neustadt.de\/gvn\/wp-content\/uploads\/2023\/09\/Bildschirmfoto-2023-09-14-um-09.12.10.png\" alt=\"\" class=\"alignleft wp-image-3228 \" width=\"300\"><\/a><\/h3>\n<h3> <\/h3>\n\n<hr><h3><\/h3><h3><a href=\"https:\/\/gewerbeverein-neustadt.de\/gvn\/wp-content\/uploads\/2023\/04\/automeile_2023.zip\" target=\"_blank\" rel=\"noopener noreferrer\">Autos, verkaufsoffener Sonntag und mehr bei der Jubil\u00e4ums-Automeile am 7. Mai 2023<\/a><\/h3>\n<h3><a href=\"https:\/\/gewerbeverein-neustadt.de\/gvn\/wp-content\/uploads\/2023\/04\/automeile_2023.zip\" target=\"_blank\" rel=\"noopener noreferrer\"><img decoding=\"async\" src=\"https:\/\/gewerbeverein-neustadt.de\/gvn\/wp-content\/uploads\/2023\/04\/automeile_2023.png\" alt=\"\" class=\"alignleft wp-image-3228 \" width=\"300\"><\/a><\/h3>\n<h3> <\/h3>\n\n<hr><h3><\/h3><h3><a href=\"https:\/\/gewerbeverein-neustadt.de\/gvn\/wp-content\/uploads\/2023\/02\/Wirtschaftlounge_2023.zip\" target=\"_blank\" rel=\"noopener noreferrer\">Wirtschafts-Lounge &#8211; Zukunftsfitness 2023<\/a><\/h3>\n<h3><a href=\"https:\/\/gewerbeverein-neustadt.de\/gvn\/wp-content\/uploads\/2023\/02\/Wirtschaftlounge_2023.zip\" target=\"_blank\" rel=\"noopener noreferrer\"><img decoding=\"async\" src=\"https:\/\/gewerbeverein-neustadt.de\/gvn\/wp-content\/uploads\/2023\/02\/Simon-steiner-2023.jpg\" alt=\"\" class=\"alignleft wp-image-3228 \" width=\"300\"><\/a><\/h3>\n<h3> <\/h3>\n\n<hr><h3><\/h3><h3><a href=\"https:\/\/gewerbeverein-neustadt.de\/gvn\/wp-content\/uploads\/2023\/02\/Workshop_Gewerbetreibende_2023.pdf\" target=\"_blank\" rel=\"noopener noreferrer\">Workshop Gewerbetreibender 2023<\/a><\/h3>\n<h3><a href=\"https:\/\/gewerbeverein-neustadt.de\/gvn\/wp-content\/uploads\/2023\/02\/Workshop_Gewerbetreibende_2023.pdf\" target=\"_blank\" rel=\"noopener noreferrer\"><img decoding=\"async\" src=\"https:\/\/gewerbeverein-neustadt.de\/gvn\/wp-content\/uploads\/2023\/02\/work-shop-2023.jpg\" alt=\"\" class=\"alignleft wp-image-3228 \" width=\"300\"><\/a><\/h3>\n<h3> <\/h3>\n\n\n\n<p><\/p>\n","protected":false},"excerpt":{"rendered":"<p>Jetzt umsteigen: Frist f\u00fcr den Umtausch zur digitalen NeustadtCARD endet am 30. Juni Download 9. Neust\u00e4dter Wirtschafts-Lounge Download B\u00fcrgerstiftung Region Neustadt in Holstein l\u00e4dt zu neuem Veranstaltungsformat \u201eHospitalgeschichten &#038; Musik\u201c &#8230;<\/p>\n","protected":false},"author":1,"featured_media":0,"parent":0,"menu_order":0,"comment_status":"closed","ping_status":"closed","template":"","meta":{"footnotes":""},"class_list":["post-1282","page","type-page","status-publish","hentry"],"aioseo_notices":[],"featured_image_urls_v2":{"full":"","thumbnail":"","medium":"","medium_large":"","large":"","1536x1536":"","2048x2048":"","gg_gallery_thumbnail":"","onepress-blog-small":"","onepress-small":"","onepress-medium":""},"post_excerpt_stackable_v2":"<p>Jetzt umsteigen: Frist f\u00fcr den Umtausch zur digitalen NeustadtCARD endet am 30. Juni Download 9. Neust\u00e4dter Wirtschafts-Lounge Download B\u00fcrgerstiftung Region Neustadt in Holstein l\u00e4dt zu neuem Veranstaltungsformat \u201eHospitalgeschichten &#038; Musik\u201c in die Hospitalkirche ein Flyer download Kostenloser Bus-Shuttle des Stadtmarketings Flyer download Tannenb\u00e4ume f\u00fcr die Innenstadt und den Hafen Flyer download Neustadt in Holstein freut sich auf die 17. Ausgabe des Riesen-Adventskalenders Flyer download Weihnachtlicher Wintertreff Mit DM bezahlen am 3. Oktober in Neustadt in Holstein und Flohmarkt auf dem Marktplatz \u201eDie Beeren sind los\u201c: Sommer auf dem Wochenmark Automeile am Sonntag, 4. Ma 7. Neust\u00e4dter Wirtschafts-Lounge Neue \u201eNeu-in-Neustadt-Touren\u201c 2025&hellip;<\/p>\n","category_list_v2":"","author_info_v2":{"name":"admin","url":"https:\/\/gewerbeverein-neustadt.de\/gvn\/author\/admin\/"},"comments_num_v2":"0 comments","_links":{"self":[{"href":"https:\/\/gewerbeverein-neustadt.de\/gvn\/wp-json\/wp\/v2\/pages\/1282","targetHints":{"allow":["GET"]}}],"collection":[{"href":"https:\/\/gewerbeverein-neustadt.de\/gvn\/wp-json\/wp\/v2\/pages"}],"about":[{"href":"https:\/\/gewerbeverein-neustadt.de\/gvn\/wp-json\/wp\/v2\/types\/page"}],"author":[{"embeddable":true,"href":"https:\/\/gewerbeverein-neustadt.de\/gvn\/wp-json\/wp\/v2\/users\/1"}],"replies":[{"embeddable":true,"href":"https:\/\/gewerbeverein-neustadt.de\/gvn\/wp-json\/wp\/v2\/comments?post=1282"}],"version-history":[{"count":109,"href":"https:\/\/gewerbeverein-neustadt.de\/gvn\/wp-json\/wp\/v2\/pages\/1282\/revisions"}],"predecessor-version":[{"id":5165,"href":"https:\/\/gewerbeverein-neustadt.de\/gvn\/wp-json\/wp\/v2\/pages\/1282\/revisions\/5165"}],"wp:attachment":[{"href":"https:\/\/gewerbeverein-neustadt.de\/gvn\/wp-json\/wp\/v2\/media?parent=1282"}],"curies":[{"name":"wp","href":"https:\/\/api.w.org\/{rel}","templated":true}]}}