{"id":1317,"date":"2017-05-30T10:54:05","date_gmt":"2017-05-30T08:54:05","guid":{"rendered":"http:\/\/gewerbeverein-neustadt.de\/gvn\/?page_id=1317"},"modified":"2024-02-29T09:14:33","modified_gmt":"2024-02-29T08:14:33","slug":"neustadtcard","status":"publish","type":"page","link":"https:\/\/gewerbeverein-neustadt.de\/gvn\/neustadtcard\/","title":{"rendered":"NeustadtCard"},"content":{"rendered":"\n<div id=\"content-inside\" class=\"container no-sidebar\">\n<div id=\"primary\" class=\"content-area\">\n<article id=\"post-1297\" class=\"post-1297 page type-page status-publish hentry\">\n<div class=\"entry-content\">\n<p><img fetchpriority=\"high\" decoding=\"async\" class=\"wp-image-1611 alignright\" src=\"https:\/\/gewerbeverein-neustadt.de\/gvn\/wp-content\/uploads\/2017\/05\/neustadtcard_700px.jpg\" alt=\"\" width=\"454\" height=\"387\" \/><\/p>\n<p>&nbsp;<\/p>\n<p><strong>Ob Sie ein Paar Schuhe, ein Buch oder Haushaltswaren kaufen, sich ein neues Outfit, eine neue Friseur oder eine Beauty-Anwendung g\u00f6nnen oder aber eine Anzeige schalten, in die Apotheke gehen oder das n\u00e4chste Gartenprojekt realisieren: In Neustadt in Holstein \u2013 sammeln Sie daf\u00fcr \u00fcberall Bonuspunkte.<\/strong><\/p>\n\n\n\t\n\t\n\t\n<p>Achten Sie darauf, dass das jeweilige Gesch\u00e4ft oder der jeweilige Dienstleister Mitglied des NeustadtCard Systems ist \u2013 und schon k\u00f6nnen Bonuspunkte gesammelt werden. <br>\n  <br>\n  Ihre Punkte werden beim Einkauf gesammelt: Einfach und bequem auf Ihrer NeustadtCARD gespeichert.\n \n Werden auch Sie Mitglied der NeustadtCARD und erfahren &#8211; wie die 5.000 anderen NeustadtCARD Kunden auch, dass sich das Einkaufen vor Ort lohnt.<\/p>\n<p><a href=\"https:\/\/neustadtcard.loyserv.com\/\" target=\"_blank\" rel=\"noopener noreferrer\"><img decoding=\"async\" class=\"alignleft size-full wp-image-1441\" src=\"https:\/\/gewerbeverein-neustadt.de\/gvn\/wp-content\/uploads\/2017\/06\/neustadtCard_login.png\" alt=\"\" width=\"180\" height=\"56\" \/><\/a><\/p>\n<\/div>\n<\/article>\n<article id=\"post-1297\" class=\"post-1297 page type-page status-publish hentry\">\n<div class=\"entry-content\"><hr \/>\n<h3>Wie die NeustadtCARD funktioniert<\/h3>\n<p>Die Anwendung der NeustadtCard ist angenehm unkompliziert: Einmal einen schriftlichen Antrag beim H\u00e4ndler vor Ort ausf\u00fcllen. Sie k\u00f6nnen das Bonusprogramm sofort nutzen und Punkte sammeln. Und immer daran denken: jeder Punkt ist bares Geld.<\/p>\n<p><a title=\"NeustadtCard abrufen\" href=\"https:\/\/neustadtcard.loyserv.com\/\" target=\"_blank\" rel=\"noopener noreferrer\">An auf dieser Seite k\u00f6nnen Sie bequem den aktuellen Stand Ihrer NeustadtCard 3.0 abrufen.<\/a><\/p>\n<p><strong><br \/>Mit freundlicher Unterst\u00fctzung von:<\/strong><\/p>\n<p>\n\t<a class=\"cardklein\" href=\"https:\/\/www.meine-vrbank.de\/wir-fuer-sie\/filialen-ansprechpartner\/filialen\/uebersicht-filialen\/neustadt.html\" target=\"_blank\" rel=\"noopener noreferrer\">\n\t<div class=\"cardklein\"><img decoding=\"async\" class=\"alignnone wp-image-3149\" src=\"https:\/\/gewerbeverein-neustadt.de\/gvn\/wp-content\/uploads\/2019\/01\/neustadtcard_VR_bank_klein.gif\" alt=\"\" width=\"183\" height=\"76\" \/> <\/div>\n\t<\/a>\n\t\n\t<a class=\"cardklein\" href=\"https:\/\/www.stadt-neustadt.de\" target=\"_blank\" rel=\"noopener noreferrer\">\n\t<div class=\"cardklein\"><img loading=\"lazy\" decoding=\"async\" class=\"alignnone wp-image-3148\" src=\"https:\/\/gewerbeverein-neustadt.de\/gvn\/wp-content\/uploads\/2019\/01\/neustadtcard_hafenheimat_klein.gif\" alt=\"\" width=\"168\" height=\"81\" \/><\/div>\n\t<\/a>\n\t\n\t<a class=\"cardklein\" href=\"https:\/\/www.swnh.de\/stadtwerke-neustadt-in-holstein.html\" target=\"_blank\" rel=\"noopener noreferrer\">\n\t<div class=\"cardklein\"><img loading=\"lazy\" decoding=\"async\" class=\"alignnone  wp-image-3147\" src=\"https:\/\/gewerbeverein-neustadt.de\/gvn\/wp-content\/uploads\/2024\/02\/Stadtwerke-Neustadt.png\" alt=\"\" width=\"153\" height=\"95\" \/><\/div>\n\t<\/a>\n\t\t\n\t<\/p>\n<\/div>\n<div class=\"entry-content\">\n<p><a href=\"https:\/\/www.smartloyalty.de\" target=\"_blank\" rel=\"noopener noreferrer\">smartloyalty.de<\/a><\/p>\n<h1> <\/h1>\n<div class=\"ce_text block\"> <\/div>\n<\/div>\n<\/article>\n<\/div>\n<\/div>\n\n\n\n<p><\/p>\n","protected":false},"excerpt":{"rendered":"<p>&nbsp; Ob Sie ein Paar Schuhe, ein Buch oder Haushaltswaren kaufen, sich ein neues Outfit, eine neue Friseur oder eine Beauty-Anwendung g\u00f6nnen oder aber eine Anzeige schalten, in die Apotheke &#8230;<\/p>\n","protected":false},"author":1,"featured_media":0,"parent":0,"menu_order":0,"comment_status":"closed","ping_status":"closed","template":"","meta":{"footnotes":""},"class_list":["post-1317","page","type-page","status-publish","hentry"],"aioseo_notices":[],"featured_image_urls_v2":{"full":"","thumbnail":"","medium":"","medium_large":"","large":"","1536x1536":"","2048x2048":"","gg_gallery_thumbnail":"","onepress-blog-small":"","onepress-small":"","onepress-medium":""},"post_excerpt_stackable_v2":"<p>&nbsp; Ob Sie ein Paar Schuhe, ein Buch oder Haushaltswaren kaufen, sich ein neues Outfit, eine neue Friseur oder eine Beauty-Anwendung g\u00f6nnen oder aber eine Anzeige schalten, in die Apotheke gehen oder das n\u00e4chste Gartenprojekt realisieren: In Neustadt in Holstein \u2013 sammeln Sie daf\u00fcr \u00fcberall Bonuspunkte. Achten Sie darauf, dass das jeweilige Gesch\u00e4ft oder der jeweilige Dienstleister Mitglied des NeustadtCard Systems ist \u2013 und schon k\u00f6nnen Bonuspunkte gesammelt werden. Ihre Punkte werden beim Einkauf gesammelt: Einfach und bequem auf Ihrer NeustadtCARD gespeichert. Werden auch Sie Mitglied der NeustadtCARD und erfahren &#8211; wie die 5.000 anderen NeustadtCARD Kunden auch, dass sich&hellip;<\/p>\n","category_list_v2":"","author_info_v2":{"name":"admin","url":"https:\/\/gewerbeverein-neustadt.de\/gvn\/author\/admin\/"},"comments_num_v2":"0 comments","_links":{"self":[{"href":"https:\/\/gewerbeverein-neustadt.de\/gvn\/wp-json\/wp\/v2\/pages\/1317","targetHints":{"allow":["GET"]}}],"collection":[{"href":"https:\/\/gewerbeverein-neustadt.de\/gvn\/wp-json\/wp\/v2\/pages"}],"about":[{"href":"https:\/\/gewerbeverein-neustadt.de\/gvn\/wp-json\/wp\/v2\/types\/page"}],"author":[{"embeddable":true,"href":"https:\/\/gewerbeverein-neustadt.de\/gvn\/wp-json\/wp\/v2\/users\/1"}],"replies":[{"embeddable":true,"href":"https:\/\/gewerbeverein-neustadt.de\/gvn\/wp-json\/wp\/v2\/comments?post=1317"}],"version-history":[{"count":30,"href":"https:\/\/gewerbeverein-neustadt.de\/gvn\/wp-json\/wp\/v2\/pages\/1317\/revisions"}],"predecessor-version":[{"id":4111,"href":"https:\/\/gewerbeverein-neustadt.de\/gvn\/wp-json\/wp\/v2\/pages\/1317\/revisions\/4111"}],"wp:attachment":[{"href":"https:\/\/gewerbeverein-neustadt.de\/gvn\/wp-json\/wp\/v2\/media?parent=1317"}],"curies":[{"name":"wp","href":"https:\/\/api.w.org\/{rel}","templated":true}]}}