{"id":1407,"date":"2017-06-12T13:29:02","date_gmt":"2017-06-12T11:29:02","guid":{"rendered":"http:\/\/gewerbeverein-neustadt.de\/gvn\/?page_id=1407"},"modified":"2018-03-06T09:15:22","modified_gmt":"2018-03-06T08:15:22","slug":"der-verein","status":"publish","type":"page","link":"https:\/\/gewerbeverein-neustadt.de\/gvn\/der-verein\/","title":{"rendered":"Der Verein"},"content":{"rendered":"<h3><img fetchpriority=\"high\" decoding=\"async\" class=\"alignright size-full wp-image-1592\" src=\"http:\/\/gewerbeverein-neustadt.de\/gvn\/wp-content\/uploads\/2017\/06\/Hafenfoto_gross_Gross_Infos.jpg\" alt=\"\" width=\"1439\" height=\"427\" srcset=\"https:\/\/gewerbeverein-neustadt.de\/gvn\/wp-content\/uploads\/2017\/06\/Hafenfoto_gross_Gross_Infos.jpg 1439w, https:\/\/gewerbeverein-neustadt.de\/gvn\/wp-content\/uploads\/2017\/06\/Hafenfoto_gross_Gross_Infos-300x89.jpg 300w, https:\/\/gewerbeverein-neustadt.de\/gvn\/wp-content\/uploads\/2017\/06\/Hafenfoto_gross_Gross_Infos-768x228.jpg 768w, https:\/\/gewerbeverein-neustadt.de\/gvn\/wp-content\/uploads\/2017\/06\/Hafenfoto_gross_Gross_Infos-1024x304.jpg 1024w\" sizes=\"(max-width: 1439px) 100vw, 1439px\" \/><\/h3>\n<h3><\/h3>\n<p>&nbsp;<\/p>\n<h3><img decoding=\"async\" class=\"alignleft wp-image-1582\" src=\"https:\/\/gewerbeverein-neustadt.de\/gvn\/wp-content\/uploads\/2017\/06\/gvn_Aufzaehler.png\" alt=\"\" width=\"81\" height=\"83\" srcset=\"https:\/\/gewerbeverein-neustadt.de\/gvn\/wp-content\/uploads\/2017\/06\/gvn_Aufzaehler.png 310w, https:\/\/gewerbeverein-neustadt.de\/gvn\/wp-content\/uploads\/2017\/06\/gvn_Aufzaehler-292x300.png 292w\" sizes=\"(max-width: 81px) 100vw, 81px\" \/>Ihr Interessensvertreter seit 1848<\/h3>\n<p>Der Gewerbeverein ist eine Vereinigung aus Vertretern von Handel, Dienstleistung, Handwerk und Tourismus, die sich seit dem 19. Jahrhundert um die Belange und Interessen ihrer Mitglieder k\u00fcmmert. W\u00e4hrend das 19. Jahrhundert gepr\u00e4gt war durch die Ausbildung der Lehrlinge und Gesellen sowie das Betreiben einer Gewerbeschule, konzentrierte sich die Aktivit\u00e4t des Gewerbevereins im 20. Jahrhundert zun\u00e4chst vor allem auf die Vertretung der Gewerbetreibenden gegen\u00fcber dem Staat und der Gemeinde. Sp\u00e4ter lag der Schwerpunkt auf verkaufsf\u00f6rdernde Ma\u00dfnahmen.<\/p>\n<p>&nbsp;<\/p>\n<h3><img decoding=\"async\" class=\"alignleft wp-image-1582\" src=\"https:\/\/gewerbeverein-neustadt.de\/gvn\/wp-content\/uploads\/2017\/06\/gvn_Aufzaehler.png\" alt=\"\" width=\"81\" height=\"83\" srcset=\"https:\/\/gewerbeverein-neustadt.de\/gvn\/wp-content\/uploads\/2017\/06\/gvn_Aufzaehler.png 310w, https:\/\/gewerbeverein-neustadt.de\/gvn\/wp-content\/uploads\/2017\/06\/gvn_Aufzaehler-292x300.png 292w\" sizes=\"(max-width: 81px) 100vw, 81px\" \/>Partner des Stadtmarketings<\/h3>\n<p>Im Jahr 1998 war der Gewerbeverein Neustadt in Holstein Impulsgeber f\u00fcr ein institutionalisiertes Stadtmarketing und erarbeitete zusammen mit der Stadt Neustadt in Holstein und der CIMA ein Konzept f\u00fcr Neustadts Stadtmarketing. Seit dem Jahr 2006 gibt es innerhalb der Stadtverwaltung eine feste Stelle der Stadtmarketingkoordination, die auch als Schnittstelle zwischen Verwaltung und Gewerbeverein fungiert. Der Stadtmarketingprozess hat in Neustadt in Holstein in den vergangenen Jahren sehr viel bewirkt, so sind sichtbare Ergebnisse unter anderem das Wasserspiel auf dem Marktplatz, der Umbau der Br\u00fcckstra\u00dfe und die Beleuchtung der Hafenbr\u00fccke. Erlebbare Meilensteine des Stadtmarketings sind z.B. der \u201eTag der K\u00fcstenwache\u201c, Hafen-Live und die Sonder-Aktionen und Werbung f\u00fcr den Wochenmarkt.<\/p>\n<p>&nbsp;<\/p>\n<h3><img decoding=\"async\" class=\"alignleft wp-image-1582\" src=\"https:\/\/gewerbeverein-neustadt.de\/gvn\/wp-content\/uploads\/2017\/06\/gvn_Aufzaehler.png\" alt=\"\" width=\"81\" height=\"83\" srcset=\"https:\/\/gewerbeverein-neustadt.de\/gvn\/wp-content\/uploads\/2017\/06\/gvn_Aufzaehler.png 310w, https:\/\/gewerbeverein-neustadt.de\/gvn\/wp-content\/uploads\/2017\/06\/gvn_Aufzaehler-292x300.png 292w\" sizes=\"(max-width: 81px) 100vw, 81px\" \/>Engagement\u00a0des Gewerbevereins<\/h3>\n<p>Seit dem Jahr 1848 setzt sich der Gewerbeverein Neustadt in Holstein f\u00fcr seine Mitglieder und deren Interessen ein und wirkt bei der Gestaltung der Stadt ganz entscheidend mit. Ein Beispiel daf\u00fcr ist die Entwicklung eines Einzelhandelskonzeptes, bei der Mitglieder des Gewerbevereins ganz entscheidende Hinweise geben konnten und so der zuk\u00fcnftige Einzelhandelsstandort Neustadt in Holstein vom Gewerbeverein mit gepr\u00e4gt wurde.<\/p>\n<p>&nbsp;<\/p>\n<h3><img decoding=\"async\" class=\"alignleft wp-image-1582\" src=\"https:\/\/gewerbeverein-neustadt.de\/gvn\/wp-content\/uploads\/2017\/06\/gvn_Aufzaehler.png\" alt=\"\" width=\"81\" height=\"83\" srcset=\"https:\/\/gewerbeverein-neustadt.de\/gvn\/wp-content\/uploads\/2017\/06\/gvn_Aufzaehler.png 310w, https:\/\/gewerbeverein-neustadt.de\/gvn\/wp-content\/uploads\/2017\/06\/gvn_Aufzaehler-292x300.png 292w\" sizes=\"(max-width: 81px) 100vw, 81px\" \/>Solidarit\u00e4t des Gewerbevereins<\/h3>\n<p>Der Gewerbeverein Neustadt in Holstein zeigt Solidarit\u00e4t und ist sich seiner Verantwortung f\u00fcr die Hafenstadt bewusst. So erhalten Neust\u00e4dter Vereine, Hilfsorganisationen und weitere Institutionen immer die M\u00f6glichkeit kostenlos an Gewerbevereins-Veranstaltungen teilzunehmen und viele Vereine nutzen auch die gute Infrastruktur des Gewerbevereins und sein Netzwerk. So ist der Gewerbeverein immer ein guter Ansprechpartner f\u00fcr viele Belange in der Stadt.Stadtmarketing und erarbeitete zusammen mit der Stadt Neustadt in Holstein und der CIMA ein Konzept f\u00fcr Neustadts Stadtmarketing. Seit dem Jahr 2006 gibt es innerhalb der Stadtverwaltung eine feste Stelle der Stadtmarketingkoordination, die auch als Schnittstelle zwischen Verwaltung und Gewerbeverein fungiert. Der Stadtmarketingprozess hat in Neustadt in Holstein in den vergangenen Jahren sehr viel bewirkt, so sind sichtbare Ergebnisse unter anderem das Wasserspiel auf dem Marktplatz, der Umbau der Br\u00fcckstra\u00dfe und die Beleuchtung der Hafenbr\u00fccke. Erlebbare Meilensteine des Stadtmarketings sind z.B. der \u201eTag der K\u00fcstenwache\u201c, Hafen-Live und die Sonder-Aktionen und Werbung f\u00fcr den Wochenmarkt.<\/p>\n<p>&nbsp;<\/p>\n<h3><img decoding=\"async\" class=\"alignleft wp-image-1582\" src=\"https:\/\/gewerbeverein-neustadt.de\/gvn\/wp-content\/uploads\/2017\/06\/gvn_Aufzaehler.png\" alt=\"\" width=\"81\" height=\"83\" srcset=\"https:\/\/gewerbeverein-neustadt.de\/gvn\/wp-content\/uploads\/2017\/06\/gvn_Aufzaehler.png 310w, https:\/\/gewerbeverein-neustadt.de\/gvn\/wp-content\/uploads\/2017\/06\/gvn_Aufzaehler-292x300.png 292w\" sizes=\"(max-width: 81px) 100vw, 81px\" \/>Satzung des Gewerbeverein Neustadt in Holstein e. V.<\/h3>\n<p><a href=\"https:\/\/gewerbeverein-neustadt.de\/gvn\/wp-content\/uploads\/2018\/03\/SatzungGVN1.pdf\" target=\"_blank\" rel=\"noopener noreferrer\"><strong>DOWNLOAD <\/strong><img decoding=\"async\" src=\"https:\/\/gewerbeverein-neustadt.de\/gvn\/wp-content\/uploads\/2017\/12\/pdf_symbol.png\" \/><\/a><\/p>\n","protected":false},"excerpt":{"rendered":"<p>&nbsp; Ihr Interessensvertreter seit 1848 Der Gewerbeverein ist eine Vereinigung aus Vertretern von Handel, Dienstleistung, Handwerk und Tourismus, die sich seit dem 19. Jahrhundert um die Belange und Interessen ihrer &#8230;<\/p>\n","protected":false},"author":1,"featured_media":0,"parent":0,"menu_order":0,"comment_status":"closed","ping_status":"closed","template":"","meta":{"footnotes":""},"class_list":["post-1407","page","type-page","status-publish","hentry"],"aioseo_notices":[],"featured_image_urls_v2":{"full":"","thumbnail":"","medium":"","medium_large":"","large":"","1536x1536":"","2048x2048":"","gg_gallery_thumbnail":"","onepress-blog-small":"","onepress-small":"","onepress-medium":""},"post_excerpt_stackable_v2":"<p>&nbsp; Ihr Interessensvertreter seit 1848 Der Gewerbeverein ist eine Vereinigung aus Vertretern von Handel, Dienstleistung, Handwerk und Tourismus, die sich seit dem 19. Jahrhundert um die Belange und Interessen ihrer Mitglieder k\u00fcmmert. W\u00e4hrend das 19. Jahrhundert gepr\u00e4gt war durch die Ausbildung der Lehrlinge und Gesellen sowie das Betreiben einer Gewerbeschule, konzentrierte sich die Aktivit\u00e4t des Gewerbevereins im 20. Jahrhundert zun\u00e4chst vor allem auf die Vertretung der Gewerbetreibenden gegen\u00fcber dem Staat und der Gemeinde. Sp\u00e4ter lag der Schwerpunkt auf verkaufsf\u00f6rdernde Ma\u00dfnahmen. &nbsp; Partner des Stadtmarketings Im Jahr 1998 war der Gewerbeverein Neustadt in Holstein Impulsgeber f\u00fcr ein institutionalisiertes Stadtmarketing und erarbeitete&hellip;<\/p>\n","category_list_v2":"","author_info_v2":{"name":"admin","url":"https:\/\/gewerbeverein-neustadt.de\/gvn\/author\/admin\/"},"comments_num_v2":"0 comments","_links":{"self":[{"href":"https:\/\/gewerbeverein-neustadt.de\/gvn\/wp-json\/wp\/v2\/pages\/1407","targetHints":{"allow":["GET"]}}],"collection":[{"href":"https:\/\/gewerbeverein-neustadt.de\/gvn\/wp-json\/wp\/v2\/pages"}],"about":[{"href":"https:\/\/gewerbeverein-neustadt.de\/gvn\/wp-json\/wp\/v2\/types\/page"}],"author":[{"embeddable":true,"href":"https:\/\/gewerbeverein-neustadt.de\/gvn\/wp-json\/wp\/v2\/users\/1"}],"replies":[{"embeddable":true,"href":"https:\/\/gewerbeverein-neustadt.de\/gvn\/wp-json\/wp\/v2\/comments?post=1407"}],"version-history":[{"count":23,"href":"https:\/\/gewerbeverein-neustadt.de\/gvn\/wp-json\/wp\/v2\/pages\/1407\/revisions"}],"predecessor-version":[{"id":2709,"href":"https:\/\/gewerbeverein-neustadt.de\/gvn\/wp-json\/wp\/v2\/pages\/1407\/revisions\/2709"}],"wp:attachment":[{"href":"https:\/\/gewerbeverein-neustadt.de\/gvn\/wp-json\/wp\/v2\/media?parent=1407"}],"curies":[{"name":"wp","href":"https:\/\/api.w.org\/{rel}","templated":true}]}}