{"id":1431,"date":"2017-06-12T13:53:07","date_gmt":"2017-06-12T11:53:07","guid":{"rendered":"http:\/\/gewerbeverein-neustadt.de\/gvn\/?page_id=1431"},"modified":"2025-04-25T09:41:59","modified_gmt":"2025-04-25T07:41:59","slug":"neustadtcard-die-partner","status":"publish","type":"page","link":"https:\/\/gewerbeverein-neustadt.de\/gvn\/neustadtcard-die-partner\/","title":{"rendered":"NeustadtCard die Partner"},"content":{"rendered":"<p><strong>NeustadtCARD, Bonuskarte des Gewerbevereins e.V.<\/strong><br \/>\nSeit 2002 gibt es die NeustadtCARD in Neustadt in Holstein und rund 20 NeustadtCARD Partner beteiligen sich.<\/p>\n<p>Viele Partner \u2013 Viele Punkte! Als Nutzer haben Sie die M\u00f6glichkeit, die NeustadtCard in vielen ausgew\u00e4hlten Gesch\u00e4ften einzusetzen. Dies sind die H\u00e4ndler des NeustadtCard Systems:<\/p>\n<h3><strong>Alte Stadt-Apotheke<\/strong><\/h3>\n<p>Am Markt 2, 23730 Neustadt in Holstein<br \/>\nTelefon: 04561\/ 4310<br \/>\nIn der Alten Stadtapotheke gibt es Punkte auf alle freiverk\u00e4uflichen Produkte.<br \/>\n<a class=\"external external_icon\" href=\"http:\/\/www.altestadtapotheke-neustadt.de\/\" target=\"_blank\" rel=\"noopener noreferrer\" name=\"linkblk_block01__2\">Alte Stadt Apotheke<\/a><\/p>\n<h3><strong><br \/>\nBuchstabe am Markt<\/strong><\/h3>\n<p>Am Markt 13<br \/>\nin Neustadt<br \/>\nTelefon: 04561\/ 4411<br \/>\nseit Herbst 2011 k\u00f6nnen die Kunden der NeustadtCARD auf alle Produkte punkten (und nicht wie bisher nur auf non-book-Artikel).Zu beachten ist, dass f\u00fcr die Einl\u00f6sung der Punkte bei B\u00fcchern nur ein bestimmtes Sortiment zur Verf\u00fcgung steht. Weitere Infos erteilt der Buchstabe am Markt (04561\/ 4411)<br \/>\n<a class=\"external external_icon\" href=\"http:\/\/www.buchstabe-neu.de\" target=\"_blank\" rel=\"noopener noreferrer\" name=\"linkblk_block01__40\">Buchstabe<\/a><\/p>\n<h3><strong><br \/>\nBuchstabe Hochtorstra\u00dfe<\/strong><\/h3>\n<p>Hochtorstra\u00dfe 2<br \/>\nTelefon: 04561\/ 8883<br \/>\nseit Herbst 2011 k\u00f6nnen die Kunden der NeustadtCARD auf alle Produkte punkten (und nicht wie bisher nur auf non-book-Artikel).Allerdings steht f\u00fcr die Einl\u00f6sung der Punkte bei B\u00fcchern nur ein bestimmtes Sortiment zur Verf\u00fcgung. Weitere Infos erteilt der Buchstabe in der Hochtorstra\u00dfe (04561\/ 8883)<br \/>\n<a class=\"external external_icon\" href=\"http:\/\/www.buch.stabe.net\" target=\"_blank\" rel=\"noopener noreferrer\" name=\"linkblk_block01__44\">Buchstabe<\/a><\/p>\n<h3><strong><br \/>\nCreditfair GmbH &amp; Co KG <\/strong><\/h3>\n<p>Sierksdorfer Stra\u00dfe 14a, 23730 Neustadt in Holstein<br \/>\nTelefon: 04561\/ 613470<br \/>\nEs gibt Punkte in H\u00f6he der abgeschlossenen Vertragssummen, also z.B. bei Abschluss eines Bausparvertrages \u00fcber 100.000 EUR gibt es 100.000 Punkte.<br \/>\n<a class=\"external external_icon\" href=\"https:\/\/creditfair.de\/\" target=\"_blank\" rel=\"noopener noreferrer\" name=\"linkblk_block01__7\">Creditfair<\/a><\/p>\n<h3><strong><br \/>\nder reporter<\/strong><\/h3>\n<p>Hochtorstra\u00dfe 19, 23730 Neustadt in Holstein<br \/>\nEs gibt Punkte auf Privatanzeigen (Familienanzeigen).<br \/>\nTelefon: 04561\/ 51700<br \/>\n<a class=\"external external_icon\" href=\"https:\/\/www.der-reporter.de\" target=\"_blank\" rel=\"noopener noreferrer\" name=\"linkblk_block01__7\">Familienwochenblatt \u201cder reporter\u201d<\/a><\/p>\n<h3 class=\"x_x_MsoNormal\" data-olk-copy-source=\"MessageBody\">FAMILA-Handelsmarkt Neustadt<\/h3>\n<p class=\"x_x_MsoNormal\">Rettiner Weg 77<br \/>\n23730 Neustadt<br \/>\nTel. 04561-617930<br \/>\n<a title=\"http:\/\/www.famila-nordost.de\" href=\"http:\/\/www.famila-nordost.de\" target=\"_blank\" rel=\"noopener noreferrer\" data-auth=\"NotApplicable\" data-linkindex=\"0\">www.famila-nordost.de<\/a><br \/>\nPunkte auf alle Waren<\/p>\n<h3><strong><br \/>\nFriseur DUO<\/strong><\/h3>\n<p>Punkten Se auf alle Waren und Dienstleistungen.<br \/>\nAdresse: Vig\u00f6lensoll 4, 23730 Neustadt in Holstein.<br \/>\nTelefon: 04561\/ 714876<\/p>\n<h3><strong><br \/>\neccolet-shop<br \/>\n<\/strong><\/h3>\n<p>Ecco store Kremper Str. 11, tel. 04561\/511416<br \/>\nEs gibt auf alle Artikel Punkte.<br \/>\n<a href=\"https:\/\/de.ecco.com\/de-DE\">eccolet-shop<\/a><\/p>\n<h3><strong><br \/>\neska-Kaufhaus<\/strong><\/h3>\n<p>Kremper Stra\u00dfe 2, 23730 Neustadt in Holstein<br \/>\nTelefon: 04561\/ 61070<br \/>\nEs gibt auf alle Artikel Punkte (Ausnahmen: Rauchwaren und Zeitschriften).<br \/>\n<a class=\"external external_icon\" href=\"http:\/\/www.eska-kaufhaus.de\/\" target=\"_blank\" rel=\"noopener noreferrer\" name=\"linkblk_block01__23\">eska-Kaufhaus<\/a><\/p>\n<h3><strong><br \/>\nHaack Heimtex<\/strong><\/h3>\n<p>Klosterstra\u00dfe 3-5, 23730 Neustadt in Holstein<br \/>\nTelefon: 04561\/ 525 648<br \/>\nHier gibt es Punkte f\u00fcr das Material. Es gibt keine Punkte f\u00fcr Dienstleistungen.<br \/>\n<a class=\"external external_icon\" href=\"http:\/\/www.haack-neustadt.de\" target=\"_blank\" rel=\"noopener noreferrer\" name=\"linkblk_block01__19\">Heimtex Haack<\/a><\/p>\n<h3><strong><br \/>\nHaase \u2013 Glas, Porzellan, Besteck<\/strong><\/h3>\n<p>Lienaustra\u00dfe 10, 23730 Neustadt in Holstein<br \/>\nTelefon: 04561\/ 4402<br \/>\nEs gibt auf alle Artikel Punkte (Ausnahme: Konzertkarten).<br \/>\n<a class=\"external external_icon\" href=\"http:\/\/www.haase-neustadt.de\/\" target=\"_blank\" rel=\"noopener noreferrer\" name=\"linkblk_block01__18\">Haushaltswaren und Konzertagentur Haase<\/a><\/p>\n<h3><strong><br \/>\nMarkt-Apotheke<\/strong><\/h3>\n<p>Am Markt 5, 23730 Neustadt in Holstein<br \/>\nTelefon: 04561\/ 51960<br \/>\nIn der Markt-Apotheke gibt es Punkte auf alle freiverk\u00e4uflichen Produkte (Ausnahme: Artikel, die im Angebot sind)\u00a0<a class=\"external external_icon\" href=\"http:\/\/www.marktapotheke-neustadt.de\/\" target=\"_blank\" rel=\"noopener noreferrer\" name=\"linkblk_block01__14\">Markt-Apotheke<\/a><a class=\"external external_icon\" href=\"http:\/\/www.google.de\/maps?hl=de&amp;lr=&amp;q=br%C3%BCggemann&amp;near=Neustadt+in+Holstein+23730&amp;radius=0.0&amp;latlng=54107193,10814687,17919817377881514100&amp;sa=X&amp;oi=local&amp;ct=result&amp;cd=1\" target=\"_blank\" rel=\"noopener noreferrer\" name=\"linkblk_block01__25\"><\/a><\/p>\n<h3><strong><br \/>\nPhoto Porst Fachgesch\u00e4ft<\/strong><\/h3>\n<p>Inh. Hartmut Junge<br \/>\nBr\u00fcckstrasse 17, 23730 Neustadt in Holstein<br \/>\nTel. 04561 513140<br \/>\n<a href=\"http:\/\/www.photo-porst-neustadt.de\/\">Photo Porst Fachgesch\u00e4ft<\/a><\/p>\n<h3><strong>Krohn Handels GmbH<br \/>\n<\/strong><\/h3>\n<p>Kremper Str. 3, 23730 Neustadt in Holstein, 04561\/8800.<br \/>\nEs gibt auf alle Artikel Punkte.<br \/>\n<a href=\"https:\/\/www.krohn-schuhe.de\/\" target=\"_blank\" rel=\"noopener noreferrer\">Krohn Handels GmbH<\/a><\/p>\n<h3><strong><br \/>\nSeestern-Apotheke<\/strong><\/h3>\n<p>Br\u00fcckstra\u00dfe 11, 23730 Neustadt in Holstein<br \/>\nTel. 04561\/ 4171<br \/>\nIn der Seestern-Apotheke gibt es Punkte auf alle freiverk\u00e4uflichen Produkte.<br \/>\n<a class=\"external external_icon\" href=\"http:\/\/www.seestern-apo.de\/\" target=\"_blank\" rel=\"noopener noreferrer\" name=\"linkblk_block01__33\">Seestern-Apotheke<\/a><a class=\"external external_icon\" href=\"https:\/\/banking.sparkasse-holstein.de\" target=\"_blank\" rel=\"noopener noreferrer\" name=\"linkblk_block01__34\"><\/a><\/p>\n<h3><strong><br \/>\n<\/strong><strong><span data-olk-copy-source=\"MessageBody\">VR Bank zwischen den Meeren eG.<\/span><br \/>\n<\/strong><\/h3>\n<p>Am Markt 14, 23730 Neustadt in Holstein<br \/>\njeweils 500 Punkte bei einer Girokontoer\u00f6ffnung; beim Abschluss eines Bausparvertrags \u00fcber je 10.000 \u20ac; Fondssparvertr\u00e4ge; Versicherungsvertr\u00e4ge ab 100 \u20ac Pr\u00e4mie; LV je 10.000 \u20ac; Kreditkarte<br \/>\nTel.: <span data-olk-copy-source=\"MessageBody\">04321\/9321-0<\/span><br \/>\n<a href=\"https:\/\/www.meine-vrbank.de\/startseite.html\">VR Bank zwischen den Meeren eG.<\/a><\/p>\n<h3><strong><br \/>\nWilhelm Schl\u00fcter KG<\/strong><\/h3>\n<p>Kremper Stra\u00dfe 9, 23730 Neustadt in Holstein<br \/>\nTelefon: 04561\/6255<br \/>\nEs gibt auf alle Artikel Punkte. <a class=\"external external_icon\" href=\"http:\/\/www.google.de\/maps?hl=de&amp;lr=&amp;rlz=1B2GGIC_deDE204DE204&amp;q=schl%C3%BCter+kg&amp;near=Neustadt+in+Holstein+23730&amp;radius=0.0&amp;latlng=54107193,10814687,18234726069324584876&amp;sa=X&amp;oi=local&amp;ct=result&amp;cd=1\" target=\"_blank\" rel=\"noopener noreferrer\" name=\"linkblk_block01__38\"><\/a><\/p>\n<h3><strong><br \/>\nWOLLE &amp; KUNST<\/strong><\/h3>\n<p>Waschgrabenstr. 1, 23730 Neustadt in Holstein<br \/>\nTelefon: 04561\/5280838<br \/>\nEs gibt auf alle Artikel und Dienstleistungen Punkte.<br \/>\n<a class=\"external external_icon\" href=\"http:\/\/www.wolleundkunst.de\" target=\"_blank\" rel=\"noopener noreferrer\" name=\"linkblk_block01__38\">Wolle &amp; Kunst<\/a><\/p>\n","protected":false},"excerpt":{"rendered":"<p>NeustadtCARD, Bonuskarte des Gewerbevereins e.V. Seit 2002 gibt es die NeustadtCARD in Neustadt in Holstein und rund 20 NeustadtCARD Partner beteiligen sich. Viele Partner \u2013 Viele Punkte! Als Nutzer haben &#8230;<\/p>\n","protected":false},"author":1,"featured_media":0,"parent":0,"menu_order":0,"comment_status":"closed","ping_status":"closed","template":"","meta":{"footnotes":""},"class_list":["post-1431","page","type-page","status-publish","hentry"],"aioseo_notices":[],"featured_image_urls_v2":{"full":"","thumbnail":"","medium":"","medium_large":"","large":"","1536x1536":"","2048x2048":"","gg_gallery_thumbnail":"","onepress-blog-small":"","onepress-small":"","onepress-medium":""},"post_excerpt_stackable_v2":"<p>NeustadtCARD, Bonuskarte des Gewerbevereins e.V. Seit 2002 gibt es die NeustadtCARD in Neustadt in Holstein und rund 20 NeustadtCARD Partner beteiligen sich. Viele Partner \u2013 Viele Punkte! Als Nutzer haben Sie die M\u00f6glichkeit, die NeustadtCard in vielen ausgew\u00e4hlten Gesch\u00e4ften einzusetzen. Dies sind die H\u00e4ndler des NeustadtCard Systems: Alte Stadt-Apotheke Am Markt 2, 23730 Neustadt in Holstein Telefon: 04561\/ 4310 In der Alten Stadtapotheke gibt es Punkte auf alle freiverk\u00e4uflichen Produkte. Alte Stadt Apotheke Buchstabe am Markt Am Markt 13 in Neustadt Telefon: 04561\/ 4411 seit Herbst 2011 k\u00f6nnen die Kunden der NeustadtCARD auf alle Produkte punkten (und nicht wie bisher&hellip;<\/p>\n","category_list_v2":"","author_info_v2":{"name":"admin","url":"https:\/\/gewerbeverein-neustadt.de\/gvn\/author\/admin\/"},"comments_num_v2":"0 comments","_links":{"self":[{"href":"https:\/\/gewerbeverein-neustadt.de\/gvn\/wp-json\/wp\/v2\/pages\/1431","targetHints":{"allow":["GET"]}}],"collection":[{"href":"https:\/\/gewerbeverein-neustadt.de\/gvn\/wp-json\/wp\/v2\/pages"}],"about":[{"href":"https:\/\/gewerbeverein-neustadt.de\/gvn\/wp-json\/wp\/v2\/types\/page"}],"author":[{"embeddable":true,"href":"https:\/\/gewerbeverein-neustadt.de\/gvn\/wp-json\/wp\/v2\/users\/1"}],"replies":[{"embeddable":true,"href":"https:\/\/gewerbeverein-neustadt.de\/gvn\/wp-json\/wp\/v2\/comments?post=1431"}],"version-history":[{"count":25,"href":"https:\/\/gewerbeverein-neustadt.de\/gvn\/wp-json\/wp\/v2\/pages\/1431\/revisions"}],"predecessor-version":[{"id":4586,"href":"https:\/\/gewerbeverein-neustadt.de\/gvn\/wp-json\/wp\/v2\/pages\/1431\/revisions\/4586"}],"wp:attachment":[{"href":"https:\/\/gewerbeverein-neustadt.de\/gvn\/wp-json\/wp\/v2\/media?parent=1431"}],"curies":[{"name":"wp","href":"https:\/\/api.w.org\/{rel}","templated":true}]}}