{"id":3175,"date":"2019-01-18T15:41:33","date_gmt":"2019-01-18T14:41:33","guid":{"rendered":"https:\/\/gewerbeverein-neustadt.de\/?page_id=3175"},"modified":"2019-11-21T10:39:15","modified_gmt":"2019-11-21T09:39:15","slug":"jubilaeumsjahr-in-neustadt-in-holstein","status":"publish","type":"page","link":"https:\/\/gewerbeverein-neustadt.de\/gvn\/jubilaeumsjahr-in-neustadt-in-holstein\/","title":{"rendered":"Jubil\u00e4umsjahr in Neustadt in Holstein"},"content":{"rendered":"\n<p><strong>Jubil\u00e4umsjahr in Neustadt in Holstein&nbsp;&nbsp;\u2013 Mitstreiter gesucht \u2013 <\/strong><\/p>\n\n\n\n<div class=\"wp-block-image\"><figure class=\"alignleft is-resized\"><img fetchpriority=\"high\" decoding=\"async\" src=\"https:\/\/gewerbeverein-neustadt.de\/gvn\/wp-content\/uploads\/2019\/01\/neustadt.jpg\" alt=\"\" class=\"wp-image-3170\" width=\"283\" height=\"211\" srcset=\"https:\/\/gewerbeverein-neustadt.de\/gvn\/wp-content\/uploads\/2019\/01\/neustadt.jpg 567w, https:\/\/gewerbeverein-neustadt.de\/gvn\/wp-content\/uploads\/2019\/01\/neustadt-300x225.jpg 300w\" sizes=\"(max-width: 283px) 100vw, 283px\" \/><\/figure><\/div>\n\n\n\n<p><strong>(brh) Jubil\u00e4umsjahr in Neustadt in Holstein: Neustadt in Holstein feiert \u2013 und das aus drei guten Gr\u00fcnden<\/strong> <br>Das Jahr 2019 ist fu\u0308r die Stadt Neustadt in Holstein ein ganz besonderes Jahr, denn es gibt in diesem Jahr viele Jubil\u00e4en und Anl\u00e4sse, um zu feiern. Drei ganz besondere Anl\u00e4sse werden im Sommer dieses Jahres ganz besonders gro\u00df gefeiert. Aus diesem Grund luden Bu\u0308rgermeister Mirko Spieckermann und Bu\u0308rgervorsteher S\u00f6nke Sela in das Rathaus ein, um erstmals konkrete Informationen zu den Feierlichkeiten zu geben<\/p>\n\n\n\n<p><strong>Anlass eins: 30. europ\u00e4isches folklore festival \u2026<br> \u2026 mehr als 65 Jahre V\u00f6lkerverst\u00e4ndigung in Neustadt in Holstein<\/strong><br> 1951 entwickelte der damalige Leiter der Neust\u00e4dter Volkshochschule, Gerd Beier, den Gedanken, in Neustadt in Holstein eine Trachtenwoche durchzufu\u0308hren. Der Anlass waren die vielen Flu\u0308chtlinge, die auf Grund der Nachwirkungen des 2. Weltkrieges in den Westen geflohen waren. Ihre Kultur zu erhalten war Gerd Beier wichtig. Ihm war klar, dass es zur Umsetzung dieser Idee die Unterstu\u0308tzung der ganzen Stadt brauchte und es gelang ihm recht schnell, viele von seiner Idee zu begeistern und so wurde ein Verein gegru\u0308ndet, unter dem Vorsitz des damaligen Bu\u0308rgermeisters Prof. Haas, der bis heute besteht: Der \u201eVerein Europ\u00e4ische Trachtenwochen an der Ostsee e.V.\u201c. In der Vereinssatzung wurde festgelegt, dass zur Durchfu\u0308hrung der \u201eTrachtenwoche\u201c ein Kuratorium gebildet wird, das die Trachtenwoche durchfu\u0308hren sollte. Diesem Kuratorium geh\u00f6rten damals \u2013 wie auch heute, neben zahlreichen ehrenamtlich t\u00e4tigen Bu\u0308rgern, der Vorstand des Vereins, kraft Amtes der Bu\u0308rgermeister, der Bu\u0308rgervorsteher und die Fraktionsvorsitzenden der Parteien an. Die Teilnahme an den Sitzungen und die Aufgaben des Kuratoriums wie Quartierbeschaffung, Werbung, Organisation, Finanzen, Programmgestaltung, Gruppenbetreuung und Pressearbeit werden und wurden seitdem ehrenamtlich u\u0308bernommen. Die erste Trachtenwoche fand dann bereits vom 4. bis 11. August 1951 statt. An der ersten Trachtenwoche nahmen vor allem deutsche Gruppen und eine \u00f6sterreichische Gruppe teil. Bereits bei der ersten Trachtenwoche wurde der Grundstein fu\u0308r die gelebte Gastfreundschaft gelegt, denn allen war klar: Nur wenn die tanzenden G\u00e4ste auch in Gastfamilien wohnen, kann der wichtige Gedanke der V\u00f6lkerverst\u00e4ndigung und des kulturellen Austausches auch Realit\u00e4t werden. Anfangs fand die Trachtenwoche j\u00e4hrlich statt, dann alle zwei Jahre, in den sechziger Jahren entschied man sich, diese gro\u00dfe Veranstaltung alle drei Jahre auf die Beine stellen. Eine weitere Ver\u00e4nderung gab es dann im Jahr 2004, als der Name \u201eTrachtenwoche\u201c in \u201eeurop\u00e4isches folklore festival\u201c umbenannt wurde. In diesem Jahr wird nun das 30. europ\u00e4ische folklore festival gefeiert und das Kuratorium kann mit Recht stolz darauf sein, trotz politischer Unruhen zu Zeiten des Kalten Krieges und bestehenden Konflikten in der Welt zur V\u00f6lkerverst\u00e4ndigung beigetragen zu haben und fu\u0308r viele internationale Folklore Festivals Vorbild gewesen zu sein.<\/p>\n\n\n\n<p><strong>Anlass zwei: 50 Jahre Europastadt<\/strong><br>Auf den gelben Ortsschildern steht der Zusatz \u201eEuropastadt\u201c und darauf ist Neustadt in Holstein zu Recht stolz, denn im Jahr 1969 wurde der Stadt Neustadt in Holstein die Europafahne verliehen. Grund fu\u0308r diese Auszeichnung vor 50 Jahren dafu\u0308r war das Engagement der Stadt Neustadt in Holstein fu\u0308r die V\u00f6lkerverst\u00e4ndigung in Europa, das sie durch die Trachtenwoche mit der ganzen Stadt lebt. In dem Schreiben des Europarats hei\u00dft es unter anderem: \u201eUm noch mehr seine Bewunderung und Anerkennung fu\u0308r die pr\u00e4chtige und beispielhafte Haltung, welche die Stadt Neustadt hinsichtlich der europ\u00e4ischen Verst\u00e4ndigung angenommen hat, zum Ausdruck zu bringen, hat mich das Komitee beauftragt, Ihnen pers\u00f6nlich, Herr Bu\u0308rgermeister, Ihrem Stadtrat und den Einwohnern Ihrer Stadt seine w\u00e4rmsten Glu\u0308ckwu\u0308nsche auszusprechen. Der Europarat dankt der Stadt Neustadt und dem Kuratorium.\u201c Seitdem darf die Stadt Neustadt in Holstein den Titel \u201eEuropastadt\u201c verwenden und somit geh\u00f6ren das europ\u00e4ische folklore festival und der Titel \u201eEuropastadt\u201c unzertrennlich zusammen. In Deutschland gibt es zwanzig, in Schleswig-Holstein nur zwei St\u00e4dte, die diese hohe Auszeichnung des Europarates erhalten haben. Neben Neustadt in Holstein ist dies Schwarzenbek.<\/p>\n\n\n\n<p><strong>Anlass drei: 775 Jahre Stadtrecht<\/strong><br> Die Geschichte der Stadt begann vor u\u0308ber 770 Jahren als Adolf IV., Graf von Schauenburg, die Stadt Neustadt in Holstein gegru\u0308ndet und mit lu\u0308bschem Recht ausgestattet hat. Sicherlich hatte auch der Hafen Neustadts eine gro\u00dfe Bedeutung fu\u0308r die damalige Stadtgru\u0308ndung im Jahr 1244 innerhalb der damaligen Region Wagrien, denn so konnten auch viele landwirtschaftliche und Fischereiprodukte vom Neust\u00e4dter Hafen aus exportiert werden. Die lebendige Fischerei fu\u0308hrte auch dazu, dass 1474 die \u00e4lteste Fischerinnung Deutschlands gegru\u0308ndet wurde, besser bekannt als das Neust\u00e4dter Fischeramt. In den vergangenen 775 Jahren ist in der Hafenstadt viel passiert, die Pest brach zweimal aus und gro\u00dfe Br\u00e4nde zerst\u00f6rten gro\u00dfe Teile der Stadt. Insbesondere ein Brand im Jahr 1817 zerst\u00f6rte innerhalb weniger Stunden viele Wohnh\u00e4user und auch das Rathaus, was auch dazu fu\u0308hrte dass viele historische Dokumente Opfer des Brandes wurden. Auch der zweite Weltkrieg hatte gro\u00dfe Auswirkungen auf die Stadt und seine Bev\u00f6lkerung und gr\u00f6\u00dften Bev\u00f6lkerungszugang erlebte Neustadt dann in der zweiten H\u00e4lfte des 20 Jahrhunderts. Mittlerweile leben rund 16.000 Menschen in der Stadt, der im Jahr 2009 von der Bundesregierung der Titel \u201eStadt der Vielfalt\u201c verliehen wurde. Die letzten Feierlichkeiten fanden im Jahr 1994 statt: Hier wurde das 750-j\u00e4hrige Stadtjubil\u00e4um mit einem Hafenfest unter der Teilnahme von Traditionsseglern gefeiert. \u00dcbrigens finden seit dem Jahr 1994 auch Trauungen auf dem Traditionssegler \u201eNorden\u201c statt.<\/p>\n\n\n\n<p><strong>2019: Drei Anl\u00e4sse und eine gro\u00dfe Jubil\u00e4umsveranstaltung<\/strong><br>Nun sollen diese drei Jubil\u00e4en entsprechend gefeiert werden. Und Bu\u0308rgervorsteher S\u00f6nke Sela, der sich mit gro\u00dfer Leidenschaft fu\u0308r dieses Jubil\u00e4um einsetzt fu\u0308hrt aus: \u201eWas lag da n\u00e4her, als das 775-j\u00e4hrige Stadtjubil\u00e4um in das 30. europ\u00e4ische folklore festival einzubinden\u201c und so wird das 775-j\u00e4hrige Stadtjubil\u00e4um mit einem gro\u00dfen Stadtfest von Samstag, 27.07. bis Montag, 29.07.2019 gefeiert und bildet den Auftakt zum 30. europ\u00e4ischen folklore festival. Details zum 30. europ\u00e4ischen folklore festivals werden in Ku\u0308rze der \u00d6ffentlichkeit pr\u00e4sentiert.<\/p>\n\n\n\n<p><strong>Samstag setzt auf abwechslungsreiches Bu\u0308hnenprogramm und Unterhaltung in den Stra\u00dfen<\/strong><br>Der Schwerpunkt des Stadtjubil\u00e4ums liegt ganz klar auf der Veranstaltung am Samstag, 28.07, denn an diesem Tag steht der Marktplatz mit einem abwechslungsreichen Bu\u0308hnenprogramm \u2013 von Poetry Slam, u\u0308ber Blasmusik bis hin zum kr\u00f6nenden Abschluss mit einem Live-Konzert der Kult-Band \u201eMax &amp; friends\u201c -, im Fokus. Und das Beste ist: Der Eintritt ist frei.<\/p>\n\n\n\n<p><strong>Vielfalt an drei Tagen: Kunsthandwerk, Vereinspr\u00e4sentation, Tower am Binnenwasser, Tag der Seenotretter und Jubil\u00e4um der DGzRS-Station<\/strong><br>Das Orgateam der 775-Jahr Feier hat sich weitere Besonderheiten ausgedacht, so wird es unter anderem an drei Tagen eine Creativ-Meile in der Waschgrabenstra\u00dfe geben &#8211; der Schwerpunkt liegt hier auf Kunsthandwerk-St\u00e4nden. Rund um die Kirche, in der Kremper Stra\u00dfe, auf der sog. \u201eBankenseite\u201c und in der Bru\u0308ckstra\u00dfe erhalten Gesch\u00e4fte, Vereine und Verb\u00e4nde die M\u00f6glichkeit sich mit einem eigenen Stand zu pr\u00e4sentieren und Aktionen anzubieten. Hierfu\u0308r werden dann auch die Stra\u00dfen an allen drei Tagen gesperrt und somit werden gro\u00dfe Teile der Innenstadt zur Fu\u00dfg\u00e4ngerzone. Bei Interesse und ausreichenden Betreibern von St\u00e4nden k\u00f6nnte auch die Hochtorstra\u00dfe in das Stadtfest einbezogen werden. Ein weiterer H\u00f6hepunkt ist die Veranstaltungsfl\u00e4che am Pagodenspeicher, die mit eigenem Programm und Kulinarischem an drei Tagen zum Mitfeiern einl\u00e4dt. \u201eAuch der Tag der Seenotretter der DGzRS am Hafen und das 25-j\u00e4hrige Jubil\u00e4um der DGzRS (Station) am selben Wochenende wird in das Stadtjubil\u00e4um integriert\u201c, so Stadtmarketingkoordinatorin Andrea Brunh\u00f6ber.<\/p>\n\n\n\n<p><strong>Teilnehmer f\u00fcr Stadtjubil\u00e4um gesucht: Einladung an Vereine, Gesch\u00e4fte und Verb\u00e4nde<\/strong><br> Bereits im Dezember des vergangenen Jahres wurden an Neust\u00e4dter Vereine Briefe verschickt, die zur Teilnahme einluden und zus\u00e4tzlich haben Kuratoriumsvorsitzende Barbara Helbach und Susanne Bimberg-Nittritz vom Gewerbeverein Innenstadtgesch\u00e4fte erstmals direkt angesprochen und auf die Teilnahmem\u00f6glichkeiten aufmerksam gemacht. Die ersten Zusagen liegen bereits vor. Barbara Helbach informiert: \u201cWir haben aber noch Kapazit\u00e4ten in den Stra\u00dfen und freuen uns, wenn sich weitere Gesch\u00e4ftsinhaber, Vereine oder Verb\u00e4nde melden, die Lust haben, an diesem dreit\u00e4gigen Stadtfest mitzuwirken und fu\u0308gt an: \u201eEs ist eine einmalige Chance, Teil des bunten Geschehens zu sein\u201c. Gewerbevereinsvorsitzende Susanne Bimberg-Nittritz erg\u00e4nzt: \u201eFu\u0308r uns Gesch\u00e4ftsinhaber bietet sich durch das Stadtfest an drei Tagen eine besondere Form des Dialogs und wir k\u00f6nnen unsere Kunden direkt vor unseren L\u00e4den ansprechen und wei\u00df: \u201eF\u00fcr Vereine und Verb\u00e4nde ergibt sich auf diese Weise mitten im Sommer die M\u00f6glichkeit, neue Mitglieder gewinnen, Aktionen durchfu\u0308hren und somit eine besondere Form der \u00d6ffentlichkeitsarbeit auf die Beine stellen\u201c. Fu\u0308r den Sonntag soll ein verkaufsoffener Sonntag fu\u0308r alle Verkaufsstellen innerhalb des Stadtgebietes beantragt werden. Wer Lust hat, als Gesch\u00e4ftsinhaberin oder Inhaber einen Stand in den Stra\u00dfen auf die Beine zu stellen, erf\u00e4hrt die Details direkt bei Barbara Helbach. Eine Anmeldung mit einem eigenen Stand ist noch bis zum 15. Februar m\u00f6glich. Barbara Helbach weist darauf hin, dass die Teilnahme fu\u0308r Vereine, die eine Non-Food-Pr\u00e4sentation auf die Beine stellen wollen kostenlos ist und auch die Standgr\u00f6\u00dfe abgestimmt werden kann. Wichtig zu wissen ist allerdings, dass die Pr\u00e4sentation idealerweise an allen drei Tagen in der Zeit von 11 bis 22 Uhr erfolgen sollte. Das Anmeldeformular ist bei Barbara Helbach erh\u00e4ltlich und kann auch auf der Internetseite der Stadt unter www.stadt-neustadt.de heruntergeladen werden.<\/p>\n\n\n\n<p>Weitere Informationen zum 775-j\u00e4hrigen Stadtjubil\u00e4um erteilen Barbara Helbach unter 04561 619 431 und bhelbach@neustadt-holstein.de und Andrea Brunh\u00f6ber unter 04561\/619510 und marketing@stadt-neustadt.de.<\/p>\n\n\n\n<p><strong>Kontakt: Stadt Neustadt in Holstein, Barbara Helbach, bhelbach@stadt-neustadt.de, 04561 619 431 und Andrea Brunh\u00f6ber, marketing@stadt-neustadt.de, 04561\/619510.<\/strong><\/p>\n","protected":false},"excerpt":{"rendered":"<p>Jubil\u00e4umsjahr in Neustadt in Holstein&nbsp;&nbsp;\u2013 Mitstreiter gesucht \u2013 (brh) Jubil\u00e4umsjahr in Neustadt in Holstein: Neustadt in Holstein feiert \u2013 und das aus drei guten Gr\u00fcnden Das Jahr 2019 ist fu\u0308r &#8230;<\/p>\n","protected":false},"author":1,"featured_media":0,"parent":0,"menu_order":0,"comment_status":"closed","ping_status":"closed","template":"","meta":{"footnotes":""},"class_list":["post-3175","page","type-page","status-publish","hentry"],"aioseo_notices":[],"featured_image_urls_v2":{"full":"","thumbnail":"","medium":"","medium_large":"","large":"","1536x1536":"","2048x2048":"","gg_gallery_thumbnail":"","onepress-blog-small":"","onepress-small":"","onepress-medium":""},"post_excerpt_stackable_v2":"<p>Jubil\u00e4umsjahr in Neustadt in Holstein&nbsp;&nbsp;\u2013 Mitstreiter gesucht \u2013 (brh) Jubil\u00e4umsjahr in Neustadt in Holstein: Neustadt in Holstein feiert \u2013 und das aus drei guten Gr\u00fcnden Das Jahr 2019 ist fu\u0308r die Stadt Neustadt in Holstein ein ganz besonderes Jahr, denn es gibt in diesem Jahr viele Jubil\u00e4en und Anl\u00e4sse, um zu feiern. Drei ganz besondere Anl\u00e4sse werden im Sommer dieses Jahres ganz besonders gro\u00df gefeiert. Aus diesem Grund luden Bu\u0308rgermeister Mirko Spieckermann und Bu\u0308rgervorsteher S\u00f6nke Sela in das Rathaus ein, um erstmals konkrete Informationen zu den Feierlichkeiten zu geben Anlass eins: 30. europ\u00e4isches folklore festival \u2026 \u2026 mehr als 65&hellip;<\/p>\n","category_list_v2":"","author_info_v2":{"name":"admin","url":"https:\/\/gewerbeverein-neustadt.de\/gvn\/author\/admin\/"},"comments_num_v2":"0 comments","_links":{"self":[{"href":"https:\/\/gewerbeverein-neustadt.de\/gvn\/wp-json\/wp\/v2\/pages\/3175","targetHints":{"allow":["GET"]}}],"collection":[{"href":"https:\/\/gewerbeverein-neustadt.de\/gvn\/wp-json\/wp\/v2\/pages"}],"about":[{"href":"https:\/\/gewerbeverein-neustadt.de\/gvn\/wp-json\/wp\/v2\/types\/page"}],"author":[{"embeddable":true,"href":"https:\/\/gewerbeverein-neustadt.de\/gvn\/wp-json\/wp\/v2\/users\/1"}],"replies":[{"embeddable":true,"href":"https:\/\/gewerbeverein-neustadt.de\/gvn\/wp-json\/wp\/v2\/comments?post=3175"}],"version-history":[{"count":4,"href":"https:\/\/gewerbeverein-neustadt.de\/gvn\/wp-json\/wp\/v2\/pages\/3175\/revisions"}],"predecessor-version":[{"id":3504,"href":"https:\/\/gewerbeverein-neustadt.de\/gvn\/wp-json\/wp\/v2\/pages\/3175\/revisions\/3504"}],"wp:attachment":[{"href":"https:\/\/gewerbeverein-neustadt.de\/gvn\/wp-json\/wp\/v2\/media?parent=3175"}],"curies":[{"name":"wp","href":"https:\/\/api.w.org\/{rel}","templated":true}]}}