{"id":4293,"date":"2025-02-12T10:34:44","date_gmt":"2025-02-12T09:34:44","guid":{"rendered":"https:\/\/gewerbeverein-neustadt.de\/gvn\/?page_id=4293"},"modified":"2025-02-12T15:34:51","modified_gmt":"2025-02-12T14:34:51","slug":"generationsubergreifende-zusammenarbeit-im-arbeitsalltag","status":"publish","type":"page","link":"https:\/\/gewerbeverein-neustadt.de\/gvn\/generationsubergreifende-zusammenarbeit-im-arbeitsalltag\/","title":{"rendered":"Generations\u00fcbergreifende Zusammenarbeit im Arbeitsalltag"},"content":{"rendered":"\n<figure class=\"wp-block-image size-large\"><img fetchpriority=\"high\" decoding=\"async\" width=\"1024\" height=\"683\" src=\"https:\/\/gewerbeverein-neustadt.de\/gvn\/wp-content\/uploads\/2025\/02\/AdobeStock_113497733-1024x683.jpeg\" alt=\"\" class=\"wp-image-4294\" srcset=\"https:\/\/gewerbeverein-neustadt.de\/gvn\/wp-content\/uploads\/2025\/02\/AdobeStock_113497733-1024x683.jpeg 1024w, https:\/\/gewerbeverein-neustadt.de\/gvn\/wp-content\/uploads\/2025\/02\/AdobeStock_113497733-300x200.jpeg 300w, https:\/\/gewerbeverein-neustadt.de\/gvn\/wp-content\/uploads\/2025\/02\/AdobeStock_113497733-768x513.jpeg 768w, https:\/\/gewerbeverein-neustadt.de\/gvn\/wp-content\/uploads\/2025\/02\/AdobeStock_113497733-1536x1025.jpeg 1536w, https:\/\/gewerbeverein-neustadt.de\/gvn\/wp-content\/uploads\/2025\/02\/AdobeStock_113497733-2048x1367.jpeg 2048w\" sizes=\"(max-width: 1024px) 100vw, 1024px\" \/><\/figure>\n\n\n\n<h2 class=\"wp-block-heading\"><br>Einladung zum Netzwerkforum:<\/h2>\n\n\n\n<h3 class=\"wp-block-heading\"><strong>\u201eGemeinsam erfolgreich: Generations\u00fcbergreifende Zusammenarbeit im Arbeitsalltag\u201c<\/strong><\/h3>\n\n\n\n<p><em>Liebe Mitglieder und Interessierte,<\/em><br>wir m\u00f6chten das Netzwerken, den Erfahrungsaustausch und das gemeinsame Wachstum in unserem Gewerbeverein weiter f\u00f6rdern.&nbsp;Deshalb haben wir mit dem \u201eNetzwerkforum\u201c eine Veranstaltungsreihe gestartet, die alle zwei Monate stattfindet. Jedes Treffen widmen wir einem spannenden Thema, das uns gemeinsam voranbringt und inspiriert. Unser Ziel ist es, nach einem kurzen informativen Vortrag ausreichend Raum und Zeit f\u00fcr den pers\u00f6nlichen Austausch zu schaffen.&nbsp;<br>Hiermit laden wir euch zum 2. Netzwerkforum ein:<\/p>\n\n\n\n<p><strong>Datum: 05.03.2025<br>Uhrzeit: 18.30 Uhr bis 20.30 Uhr<br>Ort: Junge Wilde Academy, Werftstr. 9 (Hafenraum), Neustadt in Holstein<br>Thema: <strong>\u201eGemeinsam erfolgreich: Generations\u00fcbergreifende Zusammenarbeit im Arbeitsalltag\u201c<\/strong><\/strong><br><br>Inhalte:<\/p>\n\n\n\n<ul class=\"wp-block-list\">\n<li>Aktuelle Entwicklungen in der Arbeitswelt: Digitalisierung, demografischer Wandel, Fachkr\u00e4ftemangel<\/li>\n\n\n\n<li>Generationen im Arbeitsalltag: Unterschiede und Herausforderungen<\/li>\n\n\n\n<li>Die \u00e4ltere Generation (Babyboomer, Gen X)<\/li>\n\n\n\n<li>Die j\u00fcngere Generation (Gen Z)<\/li>\n\n\n\n<li>Typische Konfliktfelder<\/li>\n\n\n\n<li>Wie beide Generationen voneinander profitieren<\/li>\n\n\n\n<li>Tipps f\u00fcr eine bessere Zusammenarbeit<\/li>\n<\/ul>\n\n\n\n<p>Freuen wir uns auf einen inspirierenden Abend mit wertvollen Impulsen, neuen Perspektiven und pers\u00f6nlichen Begegnungen.&nbsp;Als Referenten konnten wir Alexander Karnebogen, Gesch\u00e4ftsf\u00fchrer Junge Wilde, gewinnen.<\/p>\n\n\n\n<p><em>Herzliche Gr\u00fc\u00dfe,<br>Euer Gewerbeverein<\/em><\/p>\n\n\n\n<hr class=\"wp-block-separator has-alpha-channel-opacity\"\/>\n\n\n\n<h2 class=\"wp-block-heading\">Hier anmelden:<\/h2>\n\n\n<div class=\"everest-forms\"><p class=\"everst-forms-form-disable-notice everest-forms-notice everest-forms-notice--info\">Dieses Formular ist zurzeit nicht verf\u00fcgbar.<\/p><\/div>","protected":false},"excerpt":{"rendered":"<p>Einladung zum Netzwerkforum: \u201eGemeinsam erfolgreich: Generations\u00fcbergreifende Zusammenarbeit im Arbeitsalltag\u201c Liebe Mitglieder und Interessierte,wir m\u00f6chten das Netzwerken, den Erfahrungsaustausch und das gemeinsame Wachstum in unserem Gewerbeverein weiter f\u00f6rdern.&nbsp;Deshalb haben wir mit &#8230;<\/p>\n","protected":false},"author":1,"featured_media":0,"parent":0,"menu_order":0,"comment_status":"closed","ping_status":"closed","template":"","meta":{"footnotes":""},"class_list":["post-4293","page","type-page","status-publish","hentry"],"aioseo_notices":[],"featured_image_urls_v2":{"full":"","thumbnail":"","medium":"","medium_large":"","large":"","1536x1536":"","2048x2048":"","gg_gallery_thumbnail":"","onepress-blog-small":"","onepress-small":"","onepress-medium":""},"post_excerpt_stackable_v2":"<p>Einladung zum Netzwerkforum: \u201eGemeinsam erfolgreich: Generations\u00fcbergreifende Zusammenarbeit im Arbeitsalltag\u201c Liebe Mitglieder und Interessierte,wir m\u00f6chten das Netzwerken, den Erfahrungsaustausch und das gemeinsame Wachstum in unserem Gewerbeverein weiter f\u00f6rdern.&nbsp;Deshalb haben wir mit dem \u201eNetzwerkforum\u201c eine Veranstaltungsreihe gestartet, die alle zwei Monate stattfindet. Jedes Treffen widmen wir einem spannenden Thema, das uns gemeinsam voranbringt und inspiriert. Unser Ziel ist es, nach einem kurzen informativen Vortrag ausreichend Raum und Zeit f\u00fcr den pers\u00f6nlichen Austausch zu schaffen.&nbsp;Hiermit laden wir euch zum 2. Netzwerkforum ein: Datum: 05.03.2025Uhrzeit: 18.30 Uhr bis 20.30 UhrOrt: Junge Wilde Academy, Werftstr. 9 (Hafenraum), Neustadt in HolsteinThema: \u201eGemeinsam erfolgreich: Generations\u00fcbergreifende Zusammenarbeit im&hellip;<\/p>\n","category_list_v2":"","author_info_v2":{"name":"admin","url":"https:\/\/gewerbeverein-neustadt.de\/gvn\/author\/admin\/"},"comments_num_v2":"0 comments","_links":{"self":[{"href":"https:\/\/gewerbeverein-neustadt.de\/gvn\/wp-json\/wp\/v2\/pages\/4293","targetHints":{"allow":["GET"]}}],"collection":[{"href":"https:\/\/gewerbeverein-neustadt.de\/gvn\/wp-json\/wp\/v2\/pages"}],"about":[{"href":"https:\/\/gewerbeverein-neustadt.de\/gvn\/wp-json\/wp\/v2\/types\/page"}],"author":[{"embeddable":true,"href":"https:\/\/gewerbeverein-neustadt.de\/gvn\/wp-json\/wp\/v2\/users\/1"}],"replies":[{"embeddable":true,"href":"https:\/\/gewerbeverein-neustadt.de\/gvn\/wp-json\/wp\/v2\/comments?post=4293"}],"version-history":[{"count":4,"href":"https:\/\/gewerbeverein-neustadt.de\/gvn\/wp-json\/wp\/v2\/pages\/4293\/revisions"}],"predecessor-version":[{"id":4299,"href":"https:\/\/gewerbeverein-neustadt.de\/gvn\/wp-json\/wp\/v2\/pages\/4293\/revisions\/4299"}],"wp:attachment":[{"href":"https:\/\/gewerbeverein-neustadt.de\/gvn\/wp-json\/wp\/v2\/media?parent=4293"}],"curies":[{"name":"wp","href":"https:\/\/api.w.org\/{rel}","templated":true}]}}